{"id":153,"date":"2017-12-02T20:31:41","date_gmt":"2017-12-02T19:31:41","guid":{"rendered":"https:\/\/www.adfc-starnberg.de\/lastenradbuchung\/?page_id=153"},"modified":"2021-10-20T14:04:09","modified_gmt":"2021-10-20T12:04:09","slug":"so-funktioniert-es","status":"publish","type":"page","link":"https:\/\/www.adfc-starnberg.de\/lastenradbuchung\/so-funktioniert-es\/","title":{"rendered":"So funktioniert es"},"content":{"rendered":"<p>Unser Lastenrad ist ein <a href=\"https:\/\/www.adfc-starnberg.de\/lastenradbuchung\/mehr-infos\/\">Bergamont E-Cargoville LJ 70<\/a>.<\/p>\n<h2><img decoding=\"async\" loading=\"lazy\" class=\"wp-image-1028  aligncenter\" src=\"https:\/\/www.adfc-starnberg.de\/lastenradbuchung\/wp-content\/uploads\/2021\/10\/DSC03166-300x169.jpg\" alt=\"\" width=\"487\" height=\"274\" srcset=\"https:\/\/www.adfc-starnberg.de\/lastenradbuchung\/wp-content\/uploads\/2021\/10\/DSC03166-300x169.jpg 300w, https:\/\/www.adfc-starnberg.de\/lastenradbuchung\/wp-content\/uploads\/2021\/10\/DSC03166-1024x577.jpg 1024w, https:\/\/www.adfc-starnberg.de\/lastenradbuchung\/wp-content\/uploads\/2021\/10\/DSC03166-150x84.jpg 150w, https:\/\/www.adfc-starnberg.de\/lastenradbuchung\/wp-content\/uploads\/2021\/10\/DSC03166-768x433.jpg 768w, https:\/\/www.adfc-starnberg.de\/lastenradbuchung\/wp-content\/uploads\/2021\/10\/DSC03166.jpg 1154w\" sizes=\"(max-width: 487px) 100vw, 487px\" \/><\/h2>\n<h2>Wer kann das Lastenrad ausleihen?<\/h2>\n<p>Jeder ab 18 Jahren, der einen g\u00fcltigen Personalausweis oder Reisepass besitzt und vorzeigen kann.<\/p>\n<p>Lesen Sie dazu auch unsere <a href=\"https:\/\/www.adfc-starnberg.de\/lastenradbuchung\/rechtliches\/\">Nutzungsbedingungen<\/a>!<\/p>\n<h2>Wie reserviere ich das Lastenrad?<\/h2>\n<p>Als erstes m\u00fcssen Sie sich <a href=\"https:\/\/www.adfc-starnberg.de\/lastenradbuchung\/my-bookings\/\">registrieren<\/a><strong>.<\/strong> Bitte nur korrekte Angaben machen (Namen, Telefonnummer und E-Mail), sonst k\u00f6nnen wir Sie bei Problemen nicht kontaktieren bzw. k\u00f6nnen wir Ihnen das Fahrrad nicht ausleihen.<\/p>\n<p>\u00dcber den <a href=\"https:\/\/www.adfc-starnberg.de\/lastenradbuchung\/items\/\">Buchungskalender<\/a> k\u00f6nnen Sie das Lastenrad dann <strong>reservieren<\/strong> oder eine Buchung wieder stornieren.<\/p>\n<h2>Wo und wann hole ich das Lastenrad ab?<\/h2>\n<p>Diese Angaben finden Sie im <a href=\"https:\/\/www.adfc-starnberg.de\/lastenradbuchung\/items\/\">Buchungskalender<\/a>.<\/p>\n<p>Die Abholung und R\u00fcckgabe erfolgt zu den im Kalender angegebenen \u00d6ffnungszeiten. Bitte <strong>teilen Sie uns unbedingt <\/strong>Ihre <strong>gew\u00fcnschte Abholzeit mit<\/strong>. Bei der Abholung muss jemand von ADFC dabei sein und nur so k\u00f6nnen wir eine reibungslose Ausleihe organisieren. Die n\u00f6tigen Kontaktdaten (E-Mail oder Telefonnummer) entnehmen Sie in der Best\u00e4tigungs-E-Mail, die nach jeder Buchung verschickt wird.<\/p>\n<p><em>Die maximale Reservierungszeit betr\u00e4gt 7 Tage.<\/em><\/p>\n<p>Sie wollen das Lastenrad <strong>ganz spontan ausleihen<\/strong>? Auch in solchen F\u00e4llen m\u00fcssen Sie es zuerst reservieren und die Abholzeit mit uns vereinbaren.<\/p>\n<h2>Was muss ich beim Ausleihen mitbringen?<\/h2>\n<ul class=\"infolist\">\n<li>Personalausweis oder Reisepass (Mindestalter 18 Jahre)<\/li>\n<li>50,\u2013 \u20ac Kaution<\/li>\n<li>Buchungs-Code &#8211; diesen erhalten Sie mit der Best\u00e4tigungs-E-Mail<\/li>\n<li><a href=\"https:\/\/www.adfc-starnberg.de\/lastenradbuchung\/wp-content\/uploads\/2020\/09\/LastenradGilbert_Leihvertrag_2020_09_26.pdf\">Leihvertrag<\/a>\u00a0(vorher ausdrucken, durchlesen und ausf\u00fcllen &#8211; dann geht es schneller)<\/li>\n<li>Ca. <strong>20 Minuten f\u00fcr die \u00dcbergabe<\/strong> und Probefahrt einplanen<\/li>\n<\/ul>\n<h2>Was ist beim Fahren zu beachten?<\/h2>\n<p>Das Lastenrad ist vom Typ &#8222;Long John&#8220;, d. h. ein einspuriges Lastenrad mit der Ladefl\u00e4che vor dem Fahrer. Dadurch ist das Lastenrad auch in Kurven sehr nat\u00fcrlich zu fahren. Das Einlernen vom Fahren geht deshalb ziemlich z\u00fcgig.<\/p>\n<p>Es l\u00e4sst sich auch ohne Motorunterst\u00fctzung gut fahren. Beim Man\u00f6vrieren bei niedrigeren Geschwindigkeiten empfiehlt sich jedoch, diese zu aktivieren, damit man bei Bedarf die n\u00f6tige Leistung vorhanden hat.<\/p>\n<p>Die stufenlose enviolo Nabenschaltung hat eine ausreichende Spreizung, so dass man &#8211; wenn man&#8217;s mag &#8211; auch schwere Lasten ohne Motorunterst\u00fctzung bef\u00f6rdern kann. Die &#8222;schnellste&#8220; \u00dcbersetzung erlaubt dann Geschwindigkeiten um 25 km\/h &#8211; schneller wird man in Gilching und Umgebung daher wohl kaum werden.<\/p>\n<p>Besondere <strong>Vorsicht<\/strong> ist jedoch <strong>auf Schotter- und Feldwegen<\/strong> geboten, da man das eventuelle &#8222;Ausrutschen&#8220; vom Vorderrad in einer Kurve kaum noch in Griff bekommen kann. Dies gilt umso mehr beim beladenen Lastenrad. Hier also bitte lieber langsamer fahren.<\/p>\n<p><em>Um unn\u00f6tige Verletzungen zu vermeiden, <strong>darf das Lastenrad nicht zum Personentransport verwendet werden!<\/strong><\/em><\/p>\n<h2>Versicherung<\/h2>\n<p>Jedem Entleiher wird ausdr\u00fccklich empfohlen, eine Haftpflichtversicherung abzuschlie\u00dfen. Diese sollte auch <strong>Sch\u00e4den durch die Nutzung von Elektro-Fahrr\u00e4dern<\/strong> (bei unserem Lastenrad handelt sich um ein Pedelec, d.h. die Elektro-Unterst\u00fctzung bis 25 km\/h) einschlie\u00dfen. Bitte pr\u00fcfen Sie Ihren Vertrag darauf, dass das Risiko der tretunterst\u00fctzten Fahrr\u00e4der mitversichert ist!<\/p>\n<p>ADFC-Mitglieder sind durch Ihre Mitgliedschaft automatisch als Verkehrsteilnehmer mit dem Rad oder zu Fu\u00df haftpflichtversichert. Dies schlie\u00dft auch die Nutzung eines Pedelec bzw. Lastenrads (also auch unseres) mit ein. N\u00e4heres unter <a href=\"https:\/\/login.adfc.de\/versicherung\/haftpflichtversicherung\">login.adfc.de\/versicherung\/haftpflichtversicherung<\/a>.<\/p>\n<h2>Buchung stornieren<\/h2>\n<p>Sollten Sie &#8211; aus welchem Grund auch immer &#8211; Ihre Buchung nicht wahrnehmen k\u00f6nnen, stornieren Sie sie bitte so bald wie m\u00f6glich, damit das Lastenrad f\u00fcr andere wieder frei wird.<\/p>\n<p><a href=\"https:\/\/www.adfc-starnberg.de\/lastenradbuchung\/meine-buchungen\/\">Hier<\/a> stornieren.<\/p>\n<h2>Was soll ich bei Problemen und Sch\u00e4den machen?<\/h2>\n<p>Mit der Best\u00e4tigungs-E-Mail erhalten Sie auch unsere Telefonnummer. Z\u00f6gern Sie nicht, diese bei jeglichen Problemen zu nutzen &#8211; wir beraten Sie gerne.<\/p>\n","protected":false},"excerpt":{"rendered":"<p>Unser Lastenrad ist ein Bergamont E-Cargoville LJ 70. Wer kann das Lastenrad ausleihen? Jeder ab 18 Jahren, der einen g\u00fcltigen Personalausweis oder Reisepass besitzt und vorzeigen kann. Lesen Sie dazu auch unsere Nutzungsbedingungen! Wie reserviere ich das Lastenrad? Als erstes m\u00fcssen Sie sich registrieren. Bitte nur korrekte Angaben machen (Namen, Telefonnummer und E-Mail), sonst k\u00f6nnen&hellip;&nbsp;<a href=\"https:\/\/www.adfc-starnberg.de\/lastenradbuchung\/so-funktioniert-es\/\" rel=\"bookmark\">Weiterlesen &raquo;<span class=\"screen-reader-text\">So funktioniert es<\/span><\/a><\/p>\n","protected":false},"author":111,"featured_media":0,"parent":0,"menu_order":0,"comment_status":"closed","ping_status":"closed","template":"","meta":{"neve_meta_sidebar":"","neve_meta_container":"","neve_meta_enable_content_width":"","neve_meta_content_width":0,"neve_meta_title_alignment":"","neve_meta_author_avatar":"","neve_post_elements_order":"","neve_meta_disable_header":"","neve_meta_disable_footer":"","neve_meta_disable_title":""},"_links":{"self":[{"href":"https:\/\/www.adfc-starnberg.de\/lastenradbuchung\/wp-json\/wp\/v2\/pages\/153"}],"collection":[{"href":"https:\/\/www.adfc-starnberg.de\/lastenradbuchung\/wp-json\/wp\/v2\/pages"}],"about":[{"href":"https:\/\/www.adfc-starnberg.de\/lastenradbuchung\/wp-json\/wp\/v2\/types\/page"}],"author":[{"embeddable":true,"href":"https:\/\/www.adfc-starnberg.de\/lastenradbuchung\/wp-json\/wp\/v2\/users\/111"}],"replies":[{"embeddable":true,"href":"https:\/\/www.adfc-starnberg.de\/lastenradbuchung\/wp-json\/wp\/v2\/comments?post=153"}],"version-history":[{"count":106,"href":"https:\/\/www.adfc-starnberg.de\/lastenradbuchung\/wp-json\/wp\/v2\/pages\/153\/revisions"}],"predecessor-version":[{"id":1036,"href":"https:\/\/www.adfc-starnberg.de\/lastenradbuchung\/wp-json\/wp\/v2\/pages\/153\/revisions\/1036"}],"wp:attachment":[{"href":"https:\/\/www.adfc-starnberg.de\/lastenradbuchung\/wp-json\/wp\/v2\/media?parent=153"}],"curies":[{"name":"wp","href":"https:\/\/api.w.org\/{rel}","templated":true}]}}