{"id":16,"date":"2018-04-11T21:15:30","date_gmt":"2018-04-11T19:15:30","guid":{"rendered":"https:\/\/www.adfc-starnberg.de\/lastenradbuchung\/my-bookings\/"},"modified":"2021-10-20T14:02:28","modified_gmt":"2021-10-20T12:02:28","slug":"my-bookings","status":"publish","type":"page","link":"https:\/\/www.adfc-starnberg.de\/lastenradbuchung\/my-bookings\/","title":{"rendered":"Registrieren\/Anmelden"},"content":{"rendered":"<p>Bevor Sie sich registrieren, lesen Sie erst unsere <a href=\"https:\/\/www.adfc-starnberg.de\/lastenradbuchung\/rechtliches\/\">Datenschutzerkl\u00e4rung <\/a>!<\/p>\n<p><label for=\"terms_accepted\">Wenn Sie hier auf <a href=\"https:\/\/www.adfc-starnberg.de\/lastenradbuchung\/register\">Registrierung klicken<\/a>, akzeptieren Sie unsere Datenschutzerkl\u00e4rung!<\/label><\/p>\n<p><a href=\"https:\/\/www.adfc-starnberg.de\/lastenradbuchung\/login\">Hier klicken zum Anmelden<\/a>, wenn Sie bereits registriert sind. Sie k\u00f6nnen sich im Men\u00fc unten wieder Ausloggen \/ Abmelden. Das Passwort k\u00f6nnen Sie bei Bedarf durch <a href=\"https:\/\/www.adfc-starnberg.de\/lastenradbuchung\/lostpassword\/\">Passwort-Reset<\/a> zur\u00fccksetzen.<\/p>\n<p>Anschlie\u00dfend k\u00f6nnen Sie Ihre<a href=\"https:\/\/www.adfc-starnberg.de\/lastenradbuchung\/items\/\"> Buchung t\u00e4tigen<\/a>.<\/p>\n\n\n<p><\/p>\n","protected":false},"excerpt":{"rendered":"<p>Bevor Sie sich registrieren, lesen Sie erst unsere Datenschutzerkl\u00e4rung ! Wenn Sie hier auf Registrierung klicken, akzeptieren Sie unsere Datenschutzerkl\u00e4rung! Hier klicken zum Anmelden, wenn Sie bereits registriert sind. Sie k\u00f6nnen sich im Men\u00fc unten wieder Ausloggen \/ Abmelden. Das Passwort k\u00f6nnen Sie bei Bedarf durch Passwort-Reset zur\u00fccksetzen. Anschlie\u00dfend k\u00f6nnen Sie Ihre Buchung t\u00e4tigen.<\/p>\n","protected":false},"author":111,"featured_media":0,"parent":0,"menu_order":0,"comment_status":"closed","ping_status":"closed","template":"","meta":{"neve_meta_sidebar":"","neve_meta_container":"","neve_meta_enable_content_width":"","neve_meta_content_width":0,"neve_meta_title_alignment":"","neve_meta_author_avatar":"","neve_post_elements_order":"","neve_meta_disable_header":"","neve_meta_disable_footer":"","neve_meta_disable_title":""},"_links":{"self":[{"href":"https:\/\/www.adfc-starnberg.de\/lastenradbuchung\/wp-json\/wp\/v2\/pages\/16"}],"collection":[{"href":"https:\/\/www.adfc-starnberg.de\/lastenradbuchung\/wp-json\/wp\/v2\/pages"}],"about":[{"href":"https:\/\/www.adfc-starnberg.de\/lastenradbuchung\/wp-json\/wp\/v2\/types\/page"}],"author":[{"embeddable":true,"href":"https:\/\/www.adfc-starnberg.de\/lastenradbuchung\/wp-json\/wp\/v2\/users\/111"}],"replies":[{"embeddable":true,"href":"https:\/\/www.adfc-starnberg.de\/lastenradbuchung\/wp-json\/wp\/v2\/comments?post=16"}],"version-history":[{"count":49,"href":"https:\/\/www.adfc-starnberg.de\/lastenradbuchung\/wp-json\/wp\/v2\/pages\/16\/revisions"}],"predecessor-version":[{"id":1033,"href":"https:\/\/www.adfc-starnberg.de\/lastenradbuchung\/wp-json\/wp\/v2\/pages\/16\/revisions\/1033"}],"wp:attachment":[{"href":"https:\/\/www.adfc-starnberg.de\/lastenradbuchung\/wp-json\/wp\/v2\/media?parent=16"}],"curies":[{"name":"wp","href":"https:\/\/api.w.org\/{rel}","templated":true}]}}