{"id":924,"date":"2021-04-05T18:41:34","date_gmt":"2021-04-05T16:41:34","guid":{"rendered":"https:\/\/www.adfc-starnberg.de\/lastenradbuchung\/?page_id=924"},"modified":"2021-04-05T18:45:36","modified_gmt":"2021-04-05T16:45:36","slug":"spenden","status":"publish","type":"page","link":"https:\/\/www.adfc-starnberg.de\/lastenradbuchung\/spenden\/","title":{"rendered":"Spenden"},"content":{"rendered":"\n<p>Wir m\u00f6chten keine Leihgeb\u00fchr erheben, bitten aber um eine Spende bei Benutzung des Lastenrads nach eigenem Ermessen und Verm\u00f6gen.<\/p>\n\n\n\n<p>Spendenkonto (falls keine Spendenbescheinigung erforderlich):<br><strong>Kontoinhaber<\/strong>: ADFC KV Starnberg<br><strong>IBAN<\/strong>: DE82 7009 3200 0006 5077 60<br><strong>Verwendungszweck<\/strong>: Lastenrad Gilching<br><strong>Betrag<\/strong>: Jeder Betrag ist willkommen! Falls eine Spendenbescheinigung f\u00fcr das Finanzamt ben\u00f6tigt wird, bitte vorher <a href=\"https:\/\/www.adfc-starnberg.de\/kontakt\/\">an uns wenden<\/a>! (Bis zu 200 \u20ac verlangt Finanzamt keine Spendenbescheinigung.)<\/p>\n","protected":false},"excerpt":{"rendered":"<p>Wir m\u00f6chten keine Leihgeb\u00fchr erheben, bitten aber um eine Spende bei Benutzung des Lastenrads nach eigenem Ermessen und Verm\u00f6gen. Spendenkonto (falls keine Spendenbescheinigung erforderlich):Kontoinhaber: ADFC KV StarnbergIBAN: DE82 7009 3200 0006 5077 60Verwendungszweck: Lastenrad GilchingBetrag: Jeder Betrag ist willkommen! Falls eine Spendenbescheinigung f\u00fcr das Finanzamt ben\u00f6tigt wird, bitte vorher an uns wenden! (Bis zu 200&hellip;&nbsp;<a href=\"https:\/\/www.adfc-starnberg.de\/lastenradbuchung\/spenden\/\" rel=\"bookmark\">Weiterlesen &raquo;<span class=\"screen-reader-text\">Spenden<\/span><\/a><\/p>\n","protected":false},"author":112,"featured_media":0,"parent":0,"menu_order":0,"comment_status":"closed","ping_status":"closed","template":"","meta":{"neve_meta_sidebar":"","neve_meta_container":"","neve_meta_enable_content_width":"","neve_meta_content_width":0,"neve_meta_title_alignment":"","neve_meta_author_avatar":"","neve_post_elements_order":"","neve_meta_disable_header":"","neve_meta_disable_footer":"","neve_meta_disable_title":""},"_links":{"self":[{"href":"https:\/\/www.adfc-starnberg.de\/lastenradbuchung\/wp-json\/wp\/v2\/pages\/924"}],"collection":[{"href":"https:\/\/www.adfc-starnberg.de\/lastenradbuchung\/wp-json\/wp\/v2\/pages"}],"about":[{"href":"https:\/\/www.adfc-starnberg.de\/lastenradbuchung\/wp-json\/wp\/v2\/types\/page"}],"author":[{"embeddable":true,"href":"https:\/\/www.adfc-starnberg.de\/lastenradbuchung\/wp-json\/wp\/v2\/users\/112"}],"replies":[{"embeddable":true,"href":"https:\/\/www.adfc-starnberg.de\/lastenradbuchung\/wp-json\/wp\/v2\/comments?post=924"}],"version-history":[{"count":2,"href":"https:\/\/www.adfc-starnberg.de\/lastenradbuchung\/wp-json\/wp\/v2\/pages\/924\/revisions"}],"predecessor-version":[{"id":928,"href":"https:\/\/www.adfc-starnberg.de\/lastenradbuchung\/wp-json\/wp\/v2\/pages\/924\/revisions\/928"}],"wp:attachment":[{"href":"https:\/\/www.adfc-starnberg.de\/lastenradbuchung\/wp-json\/wp\/v2\/media?parent=924"}],"curies":[{"name":"wp","href":"https:\/\/api.w.org\/{rel}","templated":true}]}}